{"id":142,"date":"2021-07-05T14:08:37","date_gmt":"2021-07-05T14:08:37","guid":{"rendered":"http:\/\/itec.hu\/?page_id=142"},"modified":"2021-09-28T16:36:11","modified_gmt":"2021-09-28T16:36:11","slug":"tanusitvanyok","status":"publish","type":"page","link":"https:\/\/itec.hu\/en\/tanusitvanyok\/","title":{"rendered":"Certificates"},"content":{"rendered":"<div data-elementor-type=\"wp-page\" data-elementor-id=\"142\" class=\"elementor elementor-142\" data-elementor-post-type=\"page\">\n\t\t\t\t\t\t<section class=\"elementor-section elementor-top-section elementor-element elementor-element-78f73c5 elementor-section-full_width elementor-section-height-default elementor-section-height-default\" data-id=\"78f73c5\" data-element_type=\"section\">\n\t\t\t\t\t\t<div class=\"elementor-container elementor-column-gap-default\">\n\t\t\t\t\t<div class=\"elementor-column elementor-col-100 elementor-top-column elementor-element elementor-element-b513aa2\" data-id=\"b513aa2\" data-element_type=\"column\" data-settings=\"{&quot;background_background&quot;:&quot;gradient&quot;}\">\n\t\t\t<div class=\"elementor-widget-wrap elementor-element-populated\">\n\t\t\t\t\t\t<div class=\"elementor-element elementor-element-12be9fb elementor-widget elementor-widget-heading\" data-id=\"12be9fb\" data-element_type=\"widget\" data-widget_type=\"heading.default\">\n\t\t\t\t<div class=\"elementor-widget-container\">\n\t\t\t\t\t<h2 class=\"elementor-heading-title elementor-size-default\">Certificates<\/h2>\t\t\t\t<\/div>\n\t\t\t\t<\/div>\n\t\t\t\t\t<\/div>\n\t\t<\/div>\n\t\t\t\t\t<\/div>\n\t\t<\/section>\n\t\t\t\t<section class=\"elementor-section elementor-top-section elementor-element elementor-element-a3da116 elementor-section-boxed elementor-section-height-default elementor-section-height-default\" data-id=\"a3da116\" data-element_type=\"section\">\n\t\t\t\t\t\t<div class=\"elementor-container elementor-column-gap-default\">\n\t\t\t\t\t<div class=\"elementor-column elementor-col-50 elementor-top-column elementor-element elementor-element-01f4689\" data-id=\"01f4689\" data-element_type=\"column\">\n\t\t\t<div class=\"elementor-widget-wrap elementor-element-populated\">\n\t\t\t\t\t\t<div class=\"elementor-element elementor-element-1da7921 elementor-widget elementor-widget-image\" data-id=\"1da7921\" data-element_type=\"widget\" data-widget_type=\"image.default\">\n\t\t\t\t<div class=\"elementor-widget-container\">\n\t\t\t\t\t\t\t\t\t\t\t\t\t\t\t<img fetchpriority=\"high\" decoding=\"async\" width=\"300\" height=\"200\" src=\"https:\/\/itec.hu\/wp-content\/uploads\/2021\/07\/certop_iso_9001_jel.png\" class=\"attachment-large size-large wp-image-286\" alt=\"\" \/>\t\t\t\t\t\t\t\t\t\t\t\t\t\t\t<\/div>\n\t\t\t\t<\/div>\n\t\t\t\t\t<\/div>\n\t\t<\/div>\n\t\t\t\t<div class=\"elementor-column elementor-col-50 elementor-top-column elementor-element elementor-element-65e8a94\" data-id=\"65e8a94\" data-element_type=\"column\">\n\t\t\t<div class=\"elementor-widget-wrap elementor-element-populated\">\n\t\t\t\t\t\t<div class=\"elementor-element elementor-element-ec20dd3 elementor-widget elementor-widget-text-editor\" data-id=\"ec20dd3\" data-element_type=\"widget\" data-widget_type=\"text-editor.default\">\n\t\t\t\t<div class=\"elementor-widget-container\">\n\t\t\t\t\t\t\t\t\t<p>To ensure the reliability of the products developed, manufactured and distributed by ITEC, manufacturing at both internal and external sites is performed in accordance with the<\/p><p><b>MSZ EN 90001:2015<\/b><\/p><p>standard and other standards relevant to the manufacturing conditions of medical devices. (NAT-4-0008\/2001MS0324-132)<\/p>\t\t\t\t\t\t\t\t<\/div>\n\t\t\t\t<\/div>\n\t\t\t\t\t<\/div>\n\t\t<\/div>\n\t\t\t\t\t<\/div>\n\t\t<\/section>\n\t\t\t\t<section class=\"elementor-section elementor-top-section elementor-element elementor-element-e50b7c3 elementor-section-boxed elementor-section-height-default elementor-section-height-default\" data-id=\"e50b7c3\" data-element_type=\"section\">\n\t\t\t\t\t\t<div class=\"elementor-container elementor-column-gap-default\">\n\t\t\t\t\t<div class=\"elementor-column elementor-col-33 elementor-top-column elementor-element elementor-element-4897f08\" data-id=\"4897f08\" data-element_type=\"column\">\n\t\t\t<div class=\"elementor-widget-wrap elementor-element-populated\">\n\t\t\t\t\t\t<div class=\"elementor-element elementor-element-dc3dc75 elementor-widget elementor-widget-text-editor\" data-id=\"dc3dc75\" data-element_type=\"widget\" data-widget_type=\"text-editor.default\">\n\t\t\t\t<div class=\"elementor-widget-container\">\n\t\t\t\t\t\t\t\t\t<p><b>Classification of ITEC products:<\/b><\/p>\t\t\t\t\t\t\t\t<\/div>\n\t\t\t\t<\/div>\n\t\t\t\t<div class=\"elementor-element elementor-element-7142190 elementor-widget elementor-widget-spacer\" data-id=\"7142190\" data-element_type=\"widget\" data-widget_type=\"spacer.default\">\n\t\t\t\t<div class=\"elementor-widget-container\">\n\t\t\t\t\t\t\t<div class=\"elementor-spacer\">\n\t\t\t<div class=\"elementor-spacer-inner\"><\/div>\n\t\t<\/div>\n\t\t\t\t\t\t<\/div>\n\t\t\t\t<\/div>\n\t\t\t\t<div class=\"elementor-element elementor-element-d978429 elementor-widget elementor-widget-heading\" data-id=\"d978429\" data-element_type=\"widget\" data-widget_type=\"heading.default\">\n\t\t\t\t<div class=\"elementor-widget-container\">\n\t\t\t\t\t<h2 class=\"elementor-heading-title elementor-size-default\">ISO 15225:2015<\/h2>\t\t\t\t<\/div>\n\t\t\t\t<\/div>\n\t\t\t\t\t<\/div>\n\t\t<\/div>\n\t\t\t\t<div class=\"elementor-column elementor-col-33 elementor-top-column elementor-element elementor-element-7797883\" data-id=\"7797883\" data-element_type=\"column\" data-settings=\"{&quot;background_background&quot;:&quot;gradient&quot;}\">\n\t\t\t<div class=\"elementor-widget-wrap elementor-element-populated\">\n\t\t\t\t\t\t<div class=\"elementor-element elementor-element-9a77d7d elementor-widget elementor-widget-text-editor\" data-id=\"9a77d7d\" data-element_type=\"widget\" data-widget_type=\"text-editor.default\">\n\t\t\t\t<div class=\"elementor-widget-container\">\n\t\t\t\t\t\t\t\t\t<p><b>Our registration number issued by the Directorate of Medical Technology, Health Authorisation and Administrative Office:<\/b><\/p>\t\t\t\t\t\t\t\t<\/div>\n\t\t\t\t<\/div>\n\t\t\t\t<div class=\"elementor-element elementor-element-3b9bc3c elementor-widget elementor-widget-heading\" data-id=\"3b9bc3c\" data-element_type=\"widget\" data-widget_type=\"heading.default\">\n\t\t\t\t<div class=\"elementor-widget-container\">\n\t\t\t\t\t<h2 class=\"elementor-heading-title elementor-size-default\">HU\/CA01\/0302\/05<\/h2>\t\t\t\t<\/div>\n\t\t\t\t<\/div>\n\t\t\t\t\t<\/div>\n\t\t<\/div>\n\t\t\t\t<div class=\"elementor-column elementor-col-33 elementor-top-column elementor-element elementor-element-6c548b1\" data-id=\"6c548b1\" data-element_type=\"column\">\n\t\t\t<div class=\"elementor-widget-wrap elementor-element-populated\">\n\t\t\t\t\t\t<div class=\"elementor-element elementor-element-2e1b3f2 elementor-widget elementor-widget-text-editor\" data-id=\"2e1b3f2\" data-element_type=\"widget\" data-widget_type=\"text-editor.default\">\n\t\t\t\t<div class=\"elementor-widget-container\">\n\t\t\t\t\t\t\t\t\t<p><b>Our products\u2019 ISO\/TS 20 225:2016(E)GMDN code:<\/b><\/p>\t\t\t\t\t\t\t\t<\/div>\n\t\t\t\t<\/div>\n\t\t\t\t<div class=\"elementor-element elementor-element-1813533 elementor-widget elementor-widget-spacer\" data-id=\"1813533\" data-element_type=\"widget\" data-widget_type=\"spacer.default\">\n\t\t\t\t<div class=\"elementor-widget-container\">\n\t\t\t\t\t\t\t<div class=\"elementor-spacer\">\n\t\t\t<div class=\"elementor-spacer-inner\"><\/div>\n\t\t<\/div>\n\t\t\t\t\t\t<\/div>\n\t\t\t\t<\/div>\n\t\t\t\t<div class=\"elementor-element elementor-element-5fd504e elementor-widget elementor-widget-heading\" data-id=\"5fd504e\" data-element_type=\"widget\" data-widget_type=\"heading.default\">\n\t\t\t\t<div class=\"elementor-widget-container\">\n\t\t\t\t\t<h2 class=\"elementor-heading-title elementor-size-default\">GMDN\/35647<\/h2>\t\t\t\t<\/div>\n\t\t\t\t<\/div>\n\t\t\t\t\t<\/div>\n\t\t<\/div>\n\t\t\t\t\t<\/div>\n\t\t<\/section>\n\t\t\t\t<section class=\"elementor-section elementor-top-section elementor-element elementor-element-239211f elementor-section-boxed elementor-section-height-default elementor-section-height-default\" data-id=\"239211f\" data-element_type=\"section\">\n\t\t\t\t\t\t<div class=\"elementor-container elementor-column-gap-default\">\n\t\t\t\t\t<div class=\"elementor-column elementor-col-100 elementor-top-column elementor-element elementor-element-cc96c53\" data-id=\"cc96c53\" data-element_type=\"column\">\n\t\t\t<div class=\"elementor-widget-wrap elementor-element-populated\">\n\t\t\t\t\t\t<div class=\"elementor-element elementor-element-ef7cc5a elementor-widget elementor-widget-text-editor\" data-id=\"ef7cc5a\" data-element_type=\"widget\" data-widget_type=\"text-editor.default\">\n\t\t\t\t<div class=\"elementor-widget-container\">\n\t\t\t\t\t\t\t\t\t<p>Our products are fully entitled to  carry <b>\u0152<\/b> guidelines they fulfil both quality and safety standards.<b> 93\/42\/EGK,<\/b> and<b> 90\/385\/EKG <\/b>ir\u00e1nyelveinek rendelkez\u00e9sei alapj\u00e1n megfelelnek min\u0151s\u00e9gi \u00e9s biztons\u00e1gi szabv\u00e1nyoknak.<\/p>\t\t\t\t\t\t\t\t<\/div>\n\t\t\t\t<\/div>\n\t\t\t\t\t<\/div>\n\t\t<\/div>\n\t\t\t\t\t<\/div>\n\t\t<\/section>\n\t\t\t\t<section class=\"elementor-section elementor-top-section elementor-element elementor-element-d1cdca7 elementor-section-boxed elementor-section-height-default elementor-section-height-default\" data-id=\"d1cdca7\" data-element_type=\"section\">\n\t\t\t\t\t\t<div class=\"elementor-container elementor-column-gap-default\">\n\t\t\t\t\t<div class=\"elementor-column elementor-col-100 elementor-top-column elementor-element elementor-element-65a16ca\" data-id=\"65a16ca\" data-element_type=\"column\">\n\t\t\t<div class=\"elementor-widget-wrap elementor-element-populated\">\n\t\t\t\t\t\t<div class=\"elementor-element elementor-element-2307192 elementor-widget elementor-widget-text-editor\" data-id=\"2307192\" data-element_type=\"widget\" data-widget_type=\"text-editor.default\">\n\t\t\t\t<div class=\"elementor-widget-container\">\n\t\t\t\t\t\t\t\t\t<p>Furthermore, our internal qualification system and the strong sense of responsibility of our specialist staff also guarantees the high quality of our work.<b><br \/><\/b><b>MC-SYSTEM<br \/><\/b>The MC labelling is also the trademark of the internal quality control of ITEC.<\/p>\t\t\t\t\t\t\t\t<\/div>\n\t\t\t\t<\/div>\n\t\t\t\t<div class=\"elementor-element elementor-element-e77c093 elementor-widget elementor-widget-text-editor\" data-id=\"e77c093\" data-element_type=\"widget\" data-widget_type=\"text-editor.default\">\n\t\t\t\t<div class=\"elementor-widget-container\">\n\t\t\t\t\t\t\t\t\t<p>For us, the creators and producers of ITEC products <b>, the most important signifiers of the quality of our products are the satisfaction of physicians spanning 30 years<\/b> and the steady increase in the number of fully healed patients whose procedures were performed with ITEC products.<\/p>\t\t\t\t\t\t\t\t<\/div>\n\t\t\t\t<\/div>\n\t\t\t\t\t<\/div>\n\t\t<\/div>\n\t\t\t\t\t<\/div>\n\t\t<\/section>\n\t\t\t\t<section class=\"elementor-section elementor-top-section elementor-element elementor-element-45c65c0 elementor-section-full_width elementor-section-height-default elementor-section-height-default\" data-id=\"45c65c0\" data-element_type=\"section\">\n\t\t\t\t\t\t<div class=\"elementor-container elementor-column-gap-default\">\n\t\t\t\t\t<div class=\"elementor-column elementor-col-100 elementor-top-column elementor-element elementor-element-54e4fe1\" data-id=\"54e4fe1\" data-element_type=\"column\" data-settings=\"{&quot;background_background&quot;:&quot;gradient&quot;}\">\n\t\t\t<div class=\"elementor-widget-wrap elementor-element-populated\">\n\t\t\t\t\t\t<div class=\"elementor-element elementor-element-2689f26 elementor-widget elementor-widget-heading\" data-id=\"2689f26\" data-element_type=\"widget\" data-widget_type=\"heading.default\">\n\t\t\t\t<div class=\"elementor-widget-container\">\n\t\t\t\t\t<h2 class=\"elementor-heading-title elementor-size-default\">GUARANTEE - WARRANTY - MC<\/h2>\t\t\t\t<\/div>\n\t\t\t\t<\/div>\n\t\t\t\t\t<\/div>\n\t\t<\/div>\n\t\t\t\t\t<\/div>\n\t\t<\/section>\n\t\t\t\t<section class=\"elementor-section elementor-top-section elementor-element elementor-element-809773a elementor-section-boxed elementor-section-height-default elementor-section-height-default\" data-id=\"809773a\" data-element_type=\"section\">\n\t\t\t\t\t\t<div class=\"elementor-container elementor-column-gap-default\">\n\t\t\t\t\t<div class=\"elementor-column elementor-col-100 elementor-top-column elementor-element elementor-element-b555057\" data-id=\"b555057\" data-element_type=\"column\">\n\t\t\t<div class=\"elementor-widget-wrap elementor-element-populated\">\n\t\t\t\t\t\t<div class=\"elementor-element elementor-element-b3f57b0 elementor-widget elementor-widget-text-editor\" data-id=\"b3f57b0\" data-element_type=\"widget\" data-widget_type=\"text-editor.default\">\n\t\t\t\t<div class=\"elementor-widget-container\">\n\t\t\t\t\t\t\t\t\t<p>The ITEC recommends the exclusive use of MC marked factory parts and accessories.<\/p><p>The ITEC warranty and guarantee only cover MC labelled and trademarked products. <br \/>ITEC bears no financial or moral responsibility for any damages originating from the use of parts and accessories made by other manufacturers.<\/p>\t\t\t\t\t\t\t\t<\/div>\n\t\t\t\t<\/div>\n\t\t\t\t\t<\/div>\n\t\t<\/div>\n\t\t\t\t\t<\/div>\n\t\t<\/section>\n\t\t\t\t<\/div>","protected":false},"excerpt":{"rendered":"<p>Tan\u00fas\u00edtv\u00e1nyok Az ITEC az \u00e1ltala fejlesztett, gy\u00e1rtatott \u00e9s forgalmazott term\u00e9kei megb\u00edzhat\u00f3s\u00e1g\u00e1nak biztos\u00edt\u00e1s\u00e1ra a gy\u00e1rt\u00e1st az MSZ EN 90001:2015 \u00e9s az orvosi eszk\u00f6z\u00f6kre vonatkoz\u00f3 szabv\u00e1nyok k\u00f6vetelm\u00e9nyeinek megfelel\u0151 k\u00f6r\u00fclm\u00e9nyek k\u00f6z\u00f6tt v\u00e9gzi \u00e9s v\u00e9gezteti. (NAT-4-0008\/2001MS0324-132) A term\u00e9keink besorol\u00e1sa: ISO 15225:2015 Az Eg\u00e9szs\u00e9g\u00fcgyi Enged\u00e9lyez\u00e9si \u00e9s K\u00f6zigazgat\u00e1si Hivatal Orvostechnikai Igazgat\u00f3s\u00e1g \u00e1ltal kiadott nyilv\u00e1ntart\u00e1si sz\u00e1munk: HU\/CA01\/0302\/05 Term\u00e9keink ISO\/TS 20 225:2016(E)GMDN k\u00f3dja: [&hellip;]<\/p>","protected":false},"author":3,"featured_media":0,"parent":0,"menu_order":0,"comment_status":"closed","ping_status":"closed","template":"","meta":{"footnotes":""},"class_list":["post-142","page","type-page","status-publish","hentry"],"_links":{"self":[{"href":"https:\/\/itec.hu\/en\/wp-json\/wp\/v2\/pages\/142","targetHints":{"allow":["GET"]}}],"collection":[{"href":"https:\/\/itec.hu\/en\/wp-json\/wp\/v2\/pages"}],"about":[{"href":"https:\/\/itec.hu\/en\/wp-json\/wp\/v2\/types\/page"}],"author":[{"embeddable":true,"href":"https:\/\/itec.hu\/en\/wp-json\/wp\/v2\/users\/3"}],"replies":[{"embeddable":true,"href":"https:\/\/itec.hu\/en\/wp-json\/wp\/v2\/comments?post=142"}],"version-history":[{"count":5,"href":"https:\/\/itec.hu\/en\/wp-json\/wp\/v2\/pages\/142\/revisions"}],"predecessor-version":[{"id":1250,"href":"https:\/\/itec.hu\/en\/wp-json\/wp\/v2\/pages\/142\/revisions\/1250"}],"wp:attachment":[{"href":"https:\/\/itec.hu\/en\/wp-json\/wp\/v2\/media?parent=142"}],"curies":[{"name":"wp","href":"https:\/\/api.w.org\/{rel}","templated":true}]}}