{"id":41,"date":"2021-06-30T20:48:28","date_gmt":"2021-06-30T20:48:28","guid":{"rendered":"http:\/\/itec.hu\/?page_id=41"},"modified":"2022-08-01T08:12:52","modified_gmt":"2022-08-01T08:12:52","slug":"bemutatkozas","status":"publish","type":"page","link":"https:\/\/itec.hu\/en\/bemutatkozas\/","title":{"rendered":"Bemutatkoz\u00e1s"},"content":{"rendered":"<div data-elementor-type=\"wp-page\" data-elementor-id=\"41\" class=\"elementor elementor-41\" data-elementor-post-type=\"page\">\n\t\t\t\t\t\t<section class=\"elementor-section elementor-top-section elementor-element elementor-element-37ce58b elementor-section-boxed elementor-section-height-default elementor-section-height-default\" data-id=\"37ce58b\" data-element_type=\"section\" data-settings=\"{&quot;background_background&quot;:&quot;slideshow&quot;,&quot;background_slideshow_gallery&quot;:[{&quot;id&quot;:106,&quot;url&quot;:&quot;http:\\\/\\\/itec.hu\\\/wp-content\\\/uploads\\\/2021\\\/07\\\/successful-handsome-doctor-with-a-beaming-smile-V34ZJYH.jpg&quot;},{&quot;id&quot;:75,&quot;url&quot;:&quot;http:\\\/\\\/itec.hu\\\/wp-content\\\/uploads\\\/2021\\\/07\\\/team-of-multiracial-doctors-at-hospital-e1598498378805.jpg&quot;}],&quot;background_slideshow_ken_burns&quot;:&quot;yes&quot;,&quot;background_slideshow_loop&quot;:&quot;yes&quot;,&quot;background_slideshow_slide_duration&quot;:5000,&quot;background_slideshow_slide_transition&quot;:&quot;fade&quot;,&quot;background_slideshow_transition_duration&quot;:500,&quot;background_slideshow_ken_burns_zoom_direction&quot;:&quot;in&quot;}\">\n\t\t\t\t\t\t\t<div class=\"elementor-background-overlay\"><\/div>\n\t\t\t\t\t\t\t<div class=\"elementor-container elementor-column-gap-no\">\n\t\t\t\t\t<div class=\"elementor-column elementor-col-50 elementor-top-column elementor-element elementor-element-c378716\" data-id=\"c378716\" data-element_type=\"column\">\n\t\t\t<div class=\"elementor-widget-wrap elementor-element-populated\">\n\t\t\t\t\t\t<div class=\"elementor-element elementor-element-190315d elementor-widget elementor-widget-heading\" data-id=\"190315d\" data-element_type=\"widget\" data-widget_type=\"heading.default\">\n\t\t\t\t<div class=\"elementor-widget-container\">\n\t\t\t\t\t<h2 class=\"elementor-heading-title elementor-size-default\">ITEC - Orvosi eszk\u00f6z\u00f6ket gy\u00e1rt\u00f3, fejleszt\u0151, \u00e9s forgalmaz\u00f3 Kft.<\/h2>\t\t\t\t<\/div>\n\t\t\t\t<\/div>\n\t\t\t\t<div class=\"elementor-element elementor-element-83c203b elementor-widget__width-auto elementor-widget elementor-widget-button\" data-id=\"83c203b\" data-element_type=\"widget\" data-widget_type=\"button.default\">\n\t\t\t\t<div class=\"elementor-widget-container\">\n\t\t\t\t\t\t\t\t\t<div class=\"elementor-button-wrapper\">\n\t\t\t\t\t<a class=\"elementor-button elementor-button-link elementor-size-lg\" href=\"#\">\n\t\t\t\t\t\t<span class=\"elementor-button-content-wrapper\">\n\t\t\t\t\t\t<span class=\"elementor-button-icon\">\n\t\t\t\t<i aria-hidden=\"true\" class=\"fas fa-phone-alt\"><\/i>\t\t\t<\/span>\n\t\t\t\t\t\t\t\t\t<span class=\"elementor-button-text\">Contact us<\/span>\n\t\t\t\t\t<\/span>\n\t\t\t\t\t<\/a>\n\t\t\t\t<\/div>\n\t\t\t\t\t\t\t\t<\/div>\n\t\t\t\t<\/div>\n\t\t\t\t\t<\/div>\n\t\t<\/div>\n\t\t\t\t<div class=\"elementor-column elementor-col-50 elementor-top-column elementor-element elementor-element-04a4459 elementor-hidden-phone\" data-id=\"04a4459\" data-element_type=\"column\">\n\t\t\t<div class=\"elementor-widget-wrap\">\n\t\t\t\t\t\t\t<\/div>\n\t\t<\/div>\n\t\t\t\t\t<\/div>\n\t\t<\/section>\n\t\t\t\t<section class=\"elementor-section elementor-top-section elementor-element elementor-element-5fcda1d elementor-section-full_width elementor-section-height-default elementor-section-height-default\" data-id=\"5fcda1d\" data-element_type=\"section\">\n\t\t\t\t\t\t<div class=\"elementor-container elementor-column-gap-default\">\n\t\t\t\t\t<div class=\"elementor-column elementor-col-100 elementor-top-column elementor-element elementor-element-46ccd44\" data-id=\"46ccd44\" data-element_type=\"column\" data-settings=\"{&quot;background_background&quot;:&quot;gradient&quot;}\">\n\t\t\t<div class=\"elementor-widget-wrap elementor-element-populated\">\n\t\t\t\t\t\t<div class=\"elementor-element elementor-element-17371a1 elementor-widget elementor-widget-heading\" data-id=\"17371a1\" data-element_type=\"widget\" data-widget_type=\"heading.default\">\n\t\t\t\t<div class=\"elementor-widget-container\">\n\t\t\t\t\t<h2 class=\"elementor-heading-title elementor-size-default\">WELCOME TO THE ITEC WEBSITE \u2013 YOUR ITEC STAFF<\/h2>\t\t\t\t<\/div>\n\t\t\t\t<\/div>\n\t\t\t\t\t<\/div>\n\t\t<\/div>\n\t\t\t\t\t<\/div>\n\t\t<\/section>\n\t\t\t\t<section class=\"elementor-section elementor-top-section elementor-element elementor-element-2b1b1f0 elementor-section-full_width elementor-hidden-tablet elementor-hidden-mobile elementor-section-height-default elementor-section-height-default\" data-id=\"2b1b1f0\" data-element_type=\"section\">\n\t\t\t\t\t\t<div class=\"elementor-container elementor-column-gap-default\">\n\t\t\t\t\t<div class=\"elementor-column elementor-col-100 elementor-top-column elementor-element elementor-element-7e18f956\" data-id=\"7e18f956\" data-element_type=\"column\">\n\t\t\t<div class=\"elementor-widget-wrap elementor-element-populated\">\n\t\t\t\t\t\t<div class=\"elementor-element elementor-element-79bf3522 elementor-widget elementor-widget-heading\" data-id=\"79bf3522\" data-element_type=\"widget\" data-widget_type=\"heading.default\">\n\t\t\t\t<div class=\"elementor-widget-container\">\n\t\t\t\t\t<h2 class=\"elementor-heading-title elementor-size-default\">OUR COMPANY <b> WAS ESTABLISHED IN 1977.<\/b>\n<\/h2>\t\t\t\t<\/div>\n\t\t\t\t<\/div>\n\t\t\t\t<div class=\"elementor-element elementor-element-3bd412be elementor-widget elementor-widget-text-editor\" data-id=\"3bd412be\" data-element_type=\"widget\" data-widget_type=\"text-editor.default\">\n\t\t\t\t<div class=\"elementor-widget-container\">\n\t\t\t\t\t\t\t\t\t<p><b>Medical device research and development are among its main activities.\u00a0<br \/>Our primary focus is the development of devices for bone surgery.<br \/>ITEC has developed and is the sole owner of the family of MC system bone instruments.\u00a0<\/b><\/p>\t\t\t\t\t\t\t\t<\/div>\n\t\t\t\t<\/div>\n\t\t\t\t<div class=\"elementor-element elementor-element-7cac506 elementor-widget elementor-widget-image\" data-id=\"7cac506\" data-element_type=\"widget\" data-widget_type=\"image.default\">\n\t\t\t\t<div class=\"elementor-widget-container\">\n\t\t\t\t\t\t\t\t\t\t\t\t\t\t\t<img decoding=\"async\" width=\"250\" height=\"67\" src=\"https:\/\/itec.hu\/wp-content\/uploads\/2021\/06\/itec-logo.gif\" class=\"attachment-2048x2048 size-2048x2048 wp-image-47\" alt=\"\" \/>\t\t\t\t\t\t\t\t\t\t\t\t\t\t\t<\/div>\n\t\t\t\t<\/div>\n\t\t\t\t<div class=\"elementor-element elementor-element-1b95b21 elementor-widget elementor-widget-text-editor\" data-id=\"1b95b21\" data-element_type=\"widget\" data-widget_type=\"text-editor.default\">\n\t\t\t\t<div class=\"elementor-widget-container\">\n\t\t\t\t\t\t\t\t\t<p>Development is ongoing and steadily increasing. Our latest results are incorporated into the products developed and produced by our company and thus benefit our clients. <br \/>We strive to improve the quality of life of patients thereby supporting the work of health care professionals.<br \/>Medicine requires team work and healing is the joint outcome of the concerted and devoted work of many individuals. In recognition of this we are happy and honoured to receive all inquiries, questions, thoughts and ideas alike.<\/p><p><br \/>P\u00e9ter Tat\u00e1r and the Staff of ITEC <\/p>\t\t\t\t\t\t\t\t<\/div>\n\t\t\t\t<\/div>\n\t\t\t\t\t<\/div>\n\t\t<\/div>\n\t\t\t\t\t<\/div>\n\t\t<\/section>\n\t\t\t\t<section class=\"elementor-section elementor-top-section elementor-element elementor-element-cf33371 elementor-section-full_width elementor-section-height-default elementor-section-height-default\" data-id=\"cf33371\" data-element_type=\"section\">\n\t\t\t\t\t\t<div class=\"elementor-container elementor-column-gap-default\">\n\t\t\t\t\t<div class=\"elementor-column elementor-col-50 elementor-top-column elementor-element elementor-element-b4fe116\" data-id=\"b4fe116\" data-element_type=\"column\">\n\t\t\t<div class=\"elementor-widget-wrap elementor-element-populated\">\n\t\t\t\t\t\t<div class=\"elementor-element elementor-element-4fbe026 elementor-widget elementor-widget-spacer\" data-id=\"4fbe026\" data-element_type=\"widget\" data-widget_type=\"spacer.default\">\n\t\t\t\t<div class=\"elementor-widget-container\">\n\t\t\t\t\t\t\t<div class=\"elementor-spacer\">\n\t\t\t<div class=\"elementor-spacer-inner\"><\/div>\n\t\t<\/div>\n\t\t\t\t\t\t<\/div>\n\t\t\t\t<\/div>\n\t\t\t\t<div class=\"elementor-element elementor-element-f22d1a1 elementor-widget elementor-widget-image\" data-id=\"f22d1a1\" data-element_type=\"widget\" data-widget_type=\"image.default\">\n\t\t\t\t<div class=\"elementor-widget-container\">\n\t\t\t\t\t\t\t\t\t\t\t\t\t\t\t<img decoding=\"async\" width=\"250\" height=\"67\" src=\"https:\/\/itec.hu\/wp-content\/uploads\/2021\/06\/itec-logo.gif\" class=\"attachment-full size-full wp-image-47\" alt=\"\" \/>\t\t\t\t\t\t\t\t\t\t\t\t\t\t\t<\/div>\n\t\t\t\t<\/div>\n\t\t\t\t\t<\/div>\n\t\t<\/div>\n\t\t\t\t<div class=\"elementor-column elementor-col-50 elementor-top-column elementor-element elementor-element-05ad6b7\" data-id=\"05ad6b7\" data-element_type=\"column\">\n\t\t\t<div class=\"elementor-widget-wrap elementor-element-populated\">\n\t\t\t\t\t\t<div class=\"elementor-element elementor-element-c12e966 elementor-widget elementor-widget-heading\" data-id=\"c12e966\" data-element_type=\"widget\" data-widget_type=\"heading.default\">\n\t\t\t\t<div class=\"elementor-widget-container\">\n\t\t\t\t\t<h2 class=\"elementor-heading-title elementor-size-default translation-block\">THE PREDECESSOR OF ITEC  <b> WAS ESTABLISHED IN 1977.<\/h2>\t\t\t\t<\/div>\n\t\t\t\t<\/div>\n\t\t\t\t<div class=\"elementor-element elementor-element-185467b elementor-widget elementor-widget-text-editor\" data-id=\"185467b\" data-element_type=\"widget\" data-widget_type=\"text-editor.default\">\n\t\t\t\t<div class=\"elementor-widget-container\">\n\t\t\t\t\t\t\t\t\t<p>Initially, the theoretical part of our work focused on industrial design and associated ergonomics research. Our manufacturing activities began with experimental manufacturing related to technical developments.<\/p>\t\t\t\t\t\t\t\t<\/div>\n\t\t\t\t<\/div>\n\t\t\t\t<div class=\"elementor-element elementor-element-edd7ae6 elementor-widget elementor-widget-text-editor\" data-id=\"edd7ae6\" data-element_type=\"widget\" data-widget_type=\"text-editor.default\">\n\t\t\t\t<div class=\"elementor-widget-container\">\n\t\t\t\t\t\t\t\t\t<p>Since 1988, the profile of ITEC has included research and development of medical devices. The development of bone surgery devices began with the assistance of the physicians of the National Accident and Emergency Institute. Our staff has developed a large number of patent protected technical solutions. They have developed the family of MC system bone instruments which is under the sole ownership of the Company and its staff involved in development.<\/p>\t\t\t\t\t\t\t\t<\/div>\n\t\t\t\t<\/div>\n\t\t\t\t\t<\/div>\n\t\t<\/div>\n\t\t\t\t\t<\/div>\n\t\t<\/section>\n\t\t\t\t<section class=\"elementor-section elementor-top-section elementor-element elementor-element-3226381 elementor-section-full_width elementor-section-height-default elementor-section-height-default\" data-id=\"3226381\" data-element_type=\"section\">\n\t\t\t\t\t\t<div class=\"elementor-container elementor-column-gap-default\">\n\t\t\t\t\t<div class=\"elementor-column elementor-col-50 elementor-top-column elementor-element elementor-element-cd68042\" data-id=\"cd68042\" data-element_type=\"column\">\n\t\t\t<div class=\"elementor-widget-wrap elementor-element-populated\">\n\t\t\t\t\t\t<div class=\"elementor-element elementor-element-4ab6d76 elementor-widget elementor-widget-heading\" data-id=\"4ab6d76\" data-element_type=\"widget\" data-widget_type=\"heading.default\">\n\t\t\t\t<div class=\"elementor-widget-container\">\n\t\t\t\t\t<h2 class=\"elementor-heading-title elementor-size-default\">EXPERIMENTAL MANUFACTURING EXPANDED INTO\n<b> COMMERCIAL PRODUCTION.<\/b>\n<\/h2>\t\t\t\t<\/div>\n\t\t\t\t<\/div>\n\t\t\t\t<div class=\"elementor-element elementor-element-0e6b6d1 elementor-widget elementor-widget-text-editor\" data-id=\"0e6b6d1\" data-element_type=\"widget\" data-widget_type=\"text-editor.default\">\n\t\t\t\t<div class=\"elementor-widget-container\">\n\t\t\t\t\t\t\t\t\t<p><b>Today the majority of Hungarian hospitals and emergency medical centres use MC system bone surgery devices.<\/b><\/p>\t\t\t\t\t\t\t\t<\/div>\n\t\t\t\t<\/div>\n\t\t\t\t<div class=\"elementor-element elementor-element-9594d9a elementor-widget elementor-widget-text-editor\" data-id=\"9594d9a\" data-element_type=\"widget\" data-widget_type=\"text-editor.default\">\n\t\t\t\t<div class=\"elementor-widget-container\">\n\t\t\t\t\t\t\t\t\t<p><b>Development is ongoing and steadily increasing. Our latest results are incorporated into the products developed and produced by our company and thus benefit our clients, who are specialists working in traumatology and orthopaedics. Our goal is to use streamlined, primarily Hungarian development and manufacturing resources to design and manufacture advanced medical devices that provide outstanding performance.<\/b><\/p>\t\t\t\t\t\t\t\t<\/div>\n\t\t\t\t<\/div>\n\t\t\t\t\t<\/div>\n\t\t<\/div>\n\t\t\t\t<div class=\"elementor-column elementor-col-50 elementor-top-column elementor-element elementor-element-d31a849\" data-id=\"d31a849\" data-element_type=\"column\">\n\t\t\t<div class=\"elementor-widget-wrap elementor-element-populated\">\n\t\t\t\t\t\t<div class=\"elementor-element elementor-element-1d0742b elementor-widget elementor-widget-image\" data-id=\"1d0742b\" data-element_type=\"widget\" data-widget_type=\"image.default\">\n\t\t\t\t<div class=\"elementor-widget-container\">\n\t\t\t\t\t\t\t\t\t\t\t\t\t\t\t<img fetchpriority=\"high\" decoding=\"async\" width=\"604\" height=\"716\" src=\"https:\/\/itec.hu\/wp-content\/uploads\/2021\/09\/rolunkhoz-kep.png\" class=\"attachment-full size-full wp-image-1127\" alt=\"\" srcset=\"https:\/\/itec.hu\/wp-content\/uploads\/2021\/09\/rolunkhoz-kep.png 604w, https:\/\/itec.hu\/wp-content\/uploads\/2021\/09\/rolunkhoz-kep-253x300.png 253w\" sizes=\"(max-width: 604px) 100vw, 604px\" \/>\t\t\t\t\t\t\t\t\t\t\t\t\t\t\t<\/div>\n\t\t\t\t<\/div>\n\t\t\t\t\t<\/div>\n\t\t<\/div>\n\t\t\t\t\t<\/div>\n\t\t<\/section>\n\t\t\t\t<section class=\"elementor-section elementor-top-section elementor-element elementor-element-0894838 elementor-section-full_width elementor-section-height-default elementor-section-height-default\" data-id=\"0894838\" data-element_type=\"section\">\n\t\t\t\t\t\t<div class=\"elementor-container elementor-column-gap-default\">\n\t\t\t\t\t<div class=\"elementor-column elementor-col-50 elementor-top-column elementor-element elementor-element-0a56882\" data-id=\"0a56882\" data-element_type=\"column\">\n\t\t\t<div class=\"elementor-widget-wrap elementor-element-populated\">\n\t\t\t\t\t\t<div class=\"elementor-element elementor-element-2d97ff7 elementor-widget elementor-widget-image\" data-id=\"2d97ff7\" data-element_type=\"widget\" data-widget_type=\"image.default\">\n\t\t\t\t<div class=\"elementor-widget-container\">\n\t\t\t\t\t\t\t\t\t\t\t\t\t\t\t<img loading=\"lazy\" decoding=\"async\" width=\"800\" height=\"785\" src=\"https:\/\/itec.hu\/wp-content\/uploads\/2021\/07\/illustration-3HT8LSZ@2x.png\" class=\"attachment-large size-large wp-image-110\" alt=\"\" srcset=\"https:\/\/itec.hu\/wp-content\/uploads\/2021\/07\/illustration-3HT8LSZ@2x.png 1001w, https:\/\/itec.hu\/wp-content\/uploads\/2021\/07\/illustration-3HT8LSZ@2x-300x294.png 300w, https:\/\/itec.hu\/wp-content\/uploads\/2021\/07\/illustration-3HT8LSZ@2x-768x753.png 768w\" sizes=\"(max-width: 800px) 100vw, 800px\" \/>\t\t\t\t\t\t\t\t\t\t\t\t\t\t\t<\/div>\n\t\t\t\t<\/div>\n\t\t\t\t\t<\/div>\n\t\t<\/div>\n\t\t\t\t<div class=\"elementor-column elementor-col-50 elementor-top-column elementor-element elementor-element-3070066\" data-id=\"3070066\" data-element_type=\"column\">\n\t\t\t<div class=\"elementor-widget-wrap elementor-element-populated\">\n\t\t\t\t\t\t<div class=\"elementor-element elementor-element-1baa000 elementor-widget elementor-widget-heading\" data-id=\"1baa000\" data-element_type=\"widget\" data-widget_type=\"heading.default\">\n\t\t\t\t<div class=\"elementor-widget-container\">\n\t\t\t\t\t<h2 class=\"elementor-heading-title elementor-size-default\"> WE ARE <b>COMMITTED<\/b>\n<\/h2>\t\t\t\t<\/div>\n\t\t\t\t<\/div>\n\t\t\t\t<div class=\"elementor-element elementor-element-f1b43fb elementor-widget elementor-widget-text-editor\" data-id=\"f1b43fb\" data-element_type=\"widget\" data-widget_type=\"text-editor.default\">\n\t\t\t\t<div class=\"elementor-widget-container\">\n\t\t\t\t\t\t\t\t\t<p><b>to perform research that supports health care while conforming to available financial resources. We strive to improve the quality of life of patients thereby supporting the work of health care professionals.<\/b><\/p>\t\t\t\t\t\t\t\t<\/div>\n\t\t\t\t<\/div>\n\t\t\t\t\t<\/div>\n\t\t<\/div>\n\t\t\t\t\t<\/div>\n\t\t<\/section>\n\t\t\t\t<section class=\"elementor-section elementor-top-section elementor-element elementor-element-c765fba elementor-section-full_width elementor-section-height-default elementor-section-height-default\" data-id=\"c765fba\" data-element_type=\"section\">\n\t\t\t\t\t\t<div class=\"elementor-container elementor-column-gap-default\">\n\t\t\t\t\t<div class=\"elementor-column elementor-col-50 elementor-top-column elementor-element elementor-element-584f856\" data-id=\"584f856\" data-element_type=\"column\" data-settings=\"{&quot;background_background&quot;:&quot;gradient&quot;}\">\n\t\t\t<div class=\"elementor-widget-wrap elementor-element-populated\">\n\t\t\t\t\t\t<div class=\"elementor-element elementor-element-74d95e4 elementor-widget elementor-widget-heading\" data-id=\"74d95e4\" data-element_type=\"widget\" data-widget_type=\"heading.default\">\n\t\t\t\t<div class=\"elementor-widget-container\">\n\t\t\t\t\t<p class=\"elementor-heading-title elementor-size-default\">\"<\/p>\t\t\t\t<\/div>\n\t\t\t\t<\/div>\n\t\t\t\t<div class=\"elementor-element elementor-element-a40b854 elementor-widget elementor-widget-text-editor\" data-id=\"a40b854\" data-element_type=\"widget\" data-widget_type=\"text-editor.default\">\n\t\t\t\t<div class=\"elementor-widget-container\">\n\t\t\t\t\t\t\t\t\t<p class=\"p1\"><strong><span class=\"s2\"><b>Tat\u00e1r P\u00e9ter <br \/><\/b><\/span><\/strong><span class=\"s2\">AND <\/span><span class=\"s2\">THE STAFF OF ITEC<\/span><\/p>\t\t\t\t\t\t\t\t<\/div>\n\t\t\t\t<\/div>\n\t\t\t\t<div class=\"elementor-element elementor-element-a7623ae elementor-widget elementor-widget-text-editor\" data-id=\"a7623ae\" data-element_type=\"widget\" data-widget_type=\"text-editor.default\">\n\t\t\t\t<div class=\"elementor-widget-container\">\n\t\t\t\t\t\t\t\t\t<p><b>Medicine requires team work and healing is the joint outcome of the concerted and devoted work of many individuals. In recognition of this we are happy and honoured to receive all inquiries, questions, thoughts and ideas alike.<\/b><\/p>\t\t\t\t\t\t\t\t<\/div>\n\t\t\t\t<\/div>\n\t\t\t\t\t<\/div>\n\t\t<\/div>\n\t\t\t\t<div class=\"elementor-column elementor-col-50 elementor-top-column elementor-element elementor-element-23a9f94\" data-id=\"23a9f94\" data-element_type=\"column\">\n\t\t\t<div class=\"elementor-widget-wrap elementor-element-populated\">\n\t\t\t\t\t\t<div class=\"elementor-element elementor-element-84a7d28 elementor-widget elementor-widget-image\" data-id=\"84a7d28\" data-element_type=\"widget\" data-widget_type=\"image.default\">\n\t\t\t\t<div class=\"elementor-widget-container\">\n\t\t\t\t\t\t\t\t\t\t\t\t\t\t\t<img loading=\"lazy\" decoding=\"async\" width=\"604\" height=\"716\" src=\"https:\/\/itec.hu\/wp-content\/uploads\/2021\/07\/image-HAT9WKS.png\" class=\"attachment-full size-full wp-image-76\" alt=\"\" srcset=\"https:\/\/itec.hu\/wp-content\/uploads\/2021\/07\/image-HAT9WKS.png 604w, https:\/\/itec.hu\/wp-content\/uploads\/2021\/07\/image-HAT9WKS-253x300.png 253w\" sizes=\"(max-width: 604px) 100vw, 604px\" \/>\t\t\t\t\t\t\t\t\t\t\t\t\t\t\t<\/div>\n\t\t\t\t<\/div>\n\t\t\t\t\t<\/div>\n\t\t<\/div>\n\t\t\t\t\t<\/div>\n\t\t<\/section>\n\t\t\t\t<\/div>","protected":false},"excerpt":{"rendered":"<p>ITEC &#8211; Orvosi eszk\u00f6z\u00f6ket gy\u00e1rt\u00f3, fejleszt\u0151, \u00e9s forgalmaz\u00f3 Kft. Kapcsolat KEDVES \u00c9RDEKL\u0150D\u0150 K\u00d6SZT\u00d6NTJ\u00dcK AZ ITEC MINDEN MUNKAT\u00c1RSA NEV\u00c9BEN! A c\u00e9get 1977-ben alap\u00edtottuk. Profilj\u00e1t az orvosi eszk\u00f6z\u00f6k ter\u00fclet\u00e9n v\u00e9gzett kutat\u00e1sok \u00e9s fejleszt\u00e9sek jellemzik.\u00a0Els\u0151dlegesen csontseb\u00e9szeti eszk\u00f6z\u00f6ket fejleszt\u00fcnk.L\u00e9trehoztuk az MC rendszer\u0171 csontm\u0171szerek csal\u00e1dj\u00e1t, amelynek kiz\u00e1r\u00f3lagos tulajdonosa az\u00a0 A fejleszt\u00e9s folyamatos \u00e9s egyre b\u0151v\u00fcl\u0151. A leg\u00fajabb eredm\u00e9nyeink az \u00e1ltalunk [&hellip;]<\/p>","protected":false},"author":3,"featured_media":0,"parent":0,"menu_order":0,"comment_status":"closed","ping_status":"closed","template":"","meta":{"footnotes":""},"class_list":["post-41","page","type-page","status-publish","hentry"],"_links":{"self":[{"href":"https:\/\/itec.hu\/en\/wp-json\/wp\/v2\/pages\/41","targetHints":{"allow":["GET"]}}],"collection":[{"href":"https:\/\/itec.hu\/en\/wp-json\/wp\/v2\/pages"}],"about":[{"href":"https:\/\/itec.hu\/en\/wp-json\/wp\/v2\/types\/page"}],"author":[{"embeddable":true,"href":"https:\/\/itec.hu\/en\/wp-json\/wp\/v2\/users\/3"}],"replies":[{"embeddable":true,"href":"https:\/\/itec.hu\/en\/wp-json\/wp\/v2\/comments?post=41"}],"version-history":[{"count":5,"href":"https:\/\/itec.hu\/en\/wp-json\/wp\/v2\/pages\/41\/revisions"}],"predecessor-version":[{"id":1555,"href":"https:\/\/itec.hu\/en\/wp-json\/wp\/v2\/pages\/41\/revisions\/1555"}],"wp:attachment":[{"href":"https:\/\/itec.hu\/en\/wp-json\/wp\/v2\/media?parent=41"}],"curies":[{"name":"wp","href":"https:\/\/api.w.org\/{rel}","templated":true}]}}