{"id":5,"date":"2021-06-28T13:35:40","date_gmt":"2021-06-28T13:35:40","guid":{"rendered":"http:\/\/itec.hu\/?page_id=5"},"modified":"2021-11-12T17:23:40","modified_gmt":"2021-11-12T17:23:40","slug":"tamogatas","status":"publish","type":"page","link":"https:\/\/itec.hu\/en\/tamogatas\/","title":{"rendered":"Support"},"content":{"rendered":"<div data-elementor-type=\"wp-page\" data-elementor-id=\"5\" class=\"elementor elementor-5\" data-elementor-post-type=\"page\">\n\t\t\t\t\t\t<section class=\"elementor-section elementor-top-section elementor-element elementor-element-21a02a0 elementor-section-boxed elementor-section-height-default elementor-section-height-default\" data-id=\"21a02a0\" data-element_type=\"section\">\n\t\t\t\t\t\t<div class=\"elementor-container elementor-column-gap-default\">\n\t\t\t\t\t<div class=\"elementor-column elementor-col-100 elementor-top-column elementor-element elementor-element-6abf6ba\" data-id=\"6abf6ba\" data-element_type=\"column\">\n\t\t\t<div class=\"elementor-widget-wrap elementor-element-populated\">\n\t\t\t\t\t\t<div class=\"elementor-element elementor-element-0270df0 elementor-widget elementor-widget-image\" data-id=\"0270df0\" data-element_type=\"widget\" data-widget_type=\"image.default\">\n\t\t\t\t<div class=\"elementor-widget-container\">\n\t\t\t\t\t\t\t\t\t\t\t\t\t\t\t<img fetchpriority=\"high\" decoding=\"async\" width=\"800\" height=\"553\" src=\"https:\/\/itec.hu\/wp-content\/uploads\/2021\/06\/infoblokk_kedv_final_felso_cmyk_ERFA-1024x708.jpg\" class=\"attachment-large size-large wp-image-10\" alt=\"\" srcset=\"https:\/\/itec.hu\/wp-content\/uploads\/2021\/06\/infoblokk_kedv_final_felso_cmyk_ERFA-1024x708.jpg 1024w, https:\/\/itec.hu\/wp-content\/uploads\/2021\/06\/infoblokk_kedv_final_felso_cmyk_ERFA-300x207.jpg 300w, https:\/\/itec.hu\/wp-content\/uploads\/2021\/06\/infoblokk_kedv_final_felso_cmyk_ERFA-768x531.jpg 768w, https:\/\/itec.hu\/wp-content\/uploads\/2021\/06\/infoblokk_kedv_final_felso_cmyk_ERFA.jpg 1453w\" sizes=\"(max-width: 800px) 100vw, 800px\" \/>\t\t\t\t\t\t\t\t\t\t\t\t\t\t\t<\/div>\n\t\t\t\t<\/div>\n\t\t\t\t\t<\/div>\n\t\t<\/div>\n\t\t\t\t\t<\/div>\n\t\t<\/section>\n\t\t\t\t<section class=\"elementor-section elementor-top-section elementor-element elementor-element-cfe3801 elementor-section-boxed elementor-section-height-default elementor-section-height-default\" data-id=\"cfe3801\" data-element_type=\"section\">\n\t\t\t\t\t\t<div class=\"elementor-container elementor-column-gap-default\">\n\t\t\t\t\t<div class=\"elementor-column elementor-col-100 elementor-top-column elementor-element elementor-element-9fcd10a\" data-id=\"9fcd10a\" data-element_type=\"column\">\n\t\t\t<div class=\"elementor-widget-wrap elementor-element-populated\">\n\t\t\t\t\t\t<div class=\"elementor-element elementor-element-692527b elementor-widget elementor-widget-text-editor\" data-id=\"692527b\" data-element_type=\"widget\" data-widget_type=\"text-editor.default\">\n\t\t\t\t<div class=\"elementor-widget-container\">\n\t\t\t\t\t\t\t\t\t<p>Name of beneficiary: ITEC Ipariforma Tervez\u00e9si \u00e9s Ergon\u00f3miai Csoport Bet\u00e9ti T\u00e1rsas\u00e1g<\/p><p>Project title: Development of signal mirror and body scanner for surgical monitoring<\/p><p>Project ID: VEKOP-2.1.7-15-2016-00516<\/p><p>Support provided by the contract: HUF 41,178,355<\/p><p>Support accounts for (in %): 70%<\/p><p>Planned end date of the project: 31 March 2021<\/p>\t\t\t\t\t\t\t\t<\/div>\n\t\t\t\t<\/div>\n\t\t\t\t<div class=\"elementor-element elementor-element-c4cab9a elementor-widget elementor-widget-heading\" data-id=\"c4cab9a\" data-element_type=\"widget\" data-widget_type=\"heading.default\">\n\t\t\t\t<div class=\"elementor-widget-container\">\n\t\t\t\t\t<h2 class=\"elementor-heading-title elementor-size-default\">Description of the project:<\/h2>\t\t\t\t<\/div>\n\t\t\t\t<\/div>\n\t\t\t\t\t<\/div>\n\t\t<\/div>\n\t\t\t\t\t<\/div>\n\t\t<\/section>\n\t\t\t\t<section class=\"elementor-section elementor-top-section elementor-element elementor-element-09cfab7 elementor-section-boxed elementor-section-height-default elementor-section-height-default\" data-id=\"09cfab7\" data-element_type=\"section\">\n\t\t\t\t\t\t<div class=\"elementor-container elementor-column-gap-default\">\n\t\t\t\t\t<div class=\"elementor-column elementor-col-100 elementor-top-column elementor-element elementor-element-736585a\" data-id=\"736585a\" data-element_type=\"column\">\n\t\t\t<div class=\"elementor-widget-wrap elementor-element-populated\">\n\t\t\t\t\t\t<div class=\"elementor-element elementor-element-a7a4e9d elementor-widget elementor-widget-text-editor\" data-id=\"a7a4e9d\" data-element_type=\"widget\" data-widget_type=\"text-editor.default\">\n\t\t\t\t<div class=\"elementor-widget-container\">\n\t\t\t\t\t\t\t\t\t<p>The aim of this project was the development of a device that prevents the retaining of surgical accessories in the body of the patient after the end of surgery. These surgical accessories are essential for performing surgeries but once left in the patient\u2019s body they can cause complications and necessitate repeated surgery. They include primarily cloth (textile) articles used for isolation and positioning of tissues and organs within the surgical field or are used for cleaning the surgical field at the end of the surgery.<\/p><p>Even though strict rules and restrictions govern the use of these devices, there are numerous cases where individual surgical cloth items are left behind in the patient\u2019s body after surgery. In the majority of cases the associated complications necessitate repeated surgery. This can endanger the health and delay the recovery of the patient.<\/p><p>The purpose of using our device is to facilitate \u2013 throughout the intervention but primarily in the closing phase \u2013 the monitoring of tools and accessories that are ready for removal but not yet removed. During the closing phase of the intervention the operating surgeon and the assistants can use this device to exclude the retaining of tools and accessories that were used for surgery but need to be removed before the completion of the intervention.<\/p><p>The monitoring system consists of two basic parts. One of them is integrated into tools and accessories used in the surgical field. This is a small capsule that accompanies surgical devices used in the patient\u2019s body cavities. Thanks to its small size it does not limit the use of the surgical device. It is attached to and pre-sterilised together with the surgical device. Naturally the attached capsule is removed together with the surgical device.<\/p><p>The other part is a monitoring unit that can sense at a distance the capsule attached to the surgical device. The operating team can use this unit throughout the surgery but especially before the closure of the surgical site whether there are any surgical tools that need to be removed from the patient\u2019s body cavities.<\/p>\t\t\t\t\t\t\t\t<\/div>\n\t\t\t\t<\/div>\n\t\t\t\t\t<\/div>\n\t\t<\/div>\n\t\t\t\t\t<\/div>\n\t\t<\/section>\n\t\t\t\t<\/div>","protected":false},"excerpt":{"rendered":"<p>Kedvezm\u00e9nyezett neve: ITEC Ipariforma Tervez\u00e9si \u00e9s Ergon\u00f3miai Csoport Bet\u00e9ti T\u00e1rsas\u00e1g A projekt c\u00edme: Seb\u00e9szeti ellen\u0151rz\u0151 jelt\u00fck\u00f6r \u00e9s testszkenner fejleszt\u00e9se A projekt azonos\u00edt\u00f3 sz\u00e1ma: VEKOP-2.1.7-15-2016-00516 A szerz\u0151d\u00f6tt t\u00e1mogat\u00e1s \u00f6sszege: 41 178 355 Ft A t\u00e1mogat\u00e1s m\u00e9rt\u00e9ke (%-ban): 70% A projekt tervezett befejez\u00e9si d\u00e1tuma: 2021.03.31. A projekt tartalm\u00e1nak bemutat\u00e1sa: A projekt megval\u00f3s\u00edt\u00e1sa sor\u00e1n c\u00e9lunk egy olyan eszk\u00f6z [&hellip;]<\/p>","protected":false},"author":3,"featured_media":0,"parent":0,"menu_order":0,"comment_status":"closed","ping_status":"closed","template":"","meta":{"footnotes":""},"class_list":["post-5","page","type-page","status-publish","hentry"],"_links":{"self":[{"href":"https:\/\/itec.hu\/en\/wp-json\/wp\/v2\/pages\/5","targetHints":{"allow":["GET"]}}],"collection":[{"href":"https:\/\/itec.hu\/en\/wp-json\/wp\/v2\/pages"}],"about":[{"href":"https:\/\/itec.hu\/en\/wp-json\/wp\/v2\/types\/page"}],"author":[{"embeddable":true,"href":"https:\/\/itec.hu\/en\/wp-json\/wp\/v2\/users\/3"}],"replies":[{"embeddable":true,"href":"https:\/\/itec.hu\/en\/wp-json\/wp\/v2\/comments?post=5"}],"version-history":[{"count":5,"href":"https:\/\/itec.hu\/en\/wp-json\/wp\/v2\/pages\/5\/revisions"}],"predecessor-version":[{"id":1523,"href":"https:\/\/itec.hu\/en\/wp-json\/wp\/v2\/pages\/5\/revisions\/1523"}],"wp:attachment":[{"href":"https:\/\/itec.hu\/en\/wp-json\/wp\/v2\/media?parent=5"}],"curies":[{"name":"wp","href":"https:\/\/api.w.org\/{rel}","templated":true}]}}